{"id":10438,"date":"2018-06-05T12:24:25","date_gmt":"2018-06-05T12:24:25","guid":{"rendered":"https:\/\/www.nealbrothersfoods.com\/talk-to-us\/"},"modified":"2022-06-09T10:00:34","modified_gmt":"2022-06-09T14:00:34","slug":"donnez-nous-votre-avis","status":"publish","type":"page","link":"https:\/\/www.nealbrothersfoods.com\/fr\/donnez-nous-votre-avis\/","title":{"rendered":"Donnez-nous votre avis"},"content":{"rendered":"<p>[vc_section full_width=\u00a0\u00bbstretch_row\u00a0\u00bb][vc_row][vc_column el_class=\u00a0\u00bbcontact_title\u00a0\u00bb][vc_custom_heading text=\u00a0\u00bbDonnez-nous votre avis\u00a0\u00bb font_container=\u00a0\u00bbtag:h2|font_size:64px|text_align:center\u00a0\u00bb use_theme_fonts=\u00a0\u00bbyes\u00a0\u00bb el_class=\u00a0\u00bbcontact_title\u00a0\u00bb][\/vc_column][\/vc_row][\/vc_section][vc_section full_width=\u00a0\u00bbstretch_row\u00a0\u00bb css=\u00a0\u00bb.vc_custom_1528892963429{background-color: #000000 !important;}\u00a0\u00bb][vc_row][vc_column width=\u00a0\u00bb1\/6&Prime;][\/vc_column][vc_column width=\u00a0\u00bb2\/3&Prime;][vc_column_text el_class=\u00a0\u00bbtalk-to-us-p\u00a0\u00bb]Nous aimons avoir de vos nouvelles! Si vous avez une question \u00e0 propos d\u2019un produit ou si vous d\u00e9sirez recevoir un don, nous sommes heureux de vous entendre . Veuillez faire votre demande dans la section appropri\u00e9e ci-dessous.[\/vc_column_text][\/vc_column][vc_column width=\u00a0\u00bb1\/6&Prime;][\/vc_column][\/vc_row][vc_row][vc_column width=\u00a0\u00bb1\/12&Prime;][\/vc_column][vc_column width=\u00a0\u00bb1\/3&Prime; css=\u00a0\u00bb.vc_custom_1528888064234{padding-top: 40px !important;}\u00a0\u00bb][vc_column_text el_class=\u00a0\u00bbadd_cont\u00a0\u00bb css=\u00a0\u00bb.vc_custom_1654782601672{margin-bottom: 0px !important;}\u00a0\u00bb]<\/p>\n<h3>Nous sommes au :<\/h3>\n<p>[\/vc_column_text][vc_column_text css=\u00a0\u00bb.vc_custom_1654782628340{margin-bottom: 10px !important;}\u00a0\u00bb]<\/p>\n<h3>Par la poste<\/h3>\n<p>[\/vc_column_text][vc_separator align=\u00a0\u00bbalign_left\u00a0\u00bb border_width=\u00a0\u00bb2&Prime; el_width=\u00a0\u00bb50&Prime; el_class=\u00a0\u00bbunderline_sep\u00a0\u00bb css=\u00a0\u00bb.vc_custom_1528887106193{margin-bottom: 10px !important;}\u00a0\u00bb][vc_column_text]<strong>Adresse<\/strong><br \/>\nNeal Brothers Foods Inc.<br \/>\n50 Vogel Rd Unit 6 &amp; 7<br \/>\nRichmond Hill, ON L4B3K6<\/p>\n<div class=\"av-special-heading av-special-heading-h3 meta-heading avia-builder-el-6 el_after_av_textblock el_before_av_textblock \"><\/div>\n<p>[\/vc_column_text][vc_column_text el_class=\u00a0\u00bbadd_cont\u00a0\u00bb css=\u00a0\u00bb.vc_custom_1654782655939{margin-bottom: 0px !important;}\u00a0\u00bb]<\/p>\n<h3 class=\"av-special-heading-tag\">Par t\u00e9l\u00e9phone :<\/h3>\n<p>[\/vc_column_text][vc_separator align=\u00a0\u00bbalign_left\u00a0\u00bb border_width=\u00a0\u00bb2&Prime; el_width=\u00a0\u00bb50&Prime; el_class=\u00a0\u00bbunderline_sep\u00a0\u00bb css=\u00a0\u00bb.vc_custom_1528887106193{margin-bottom: 10px !important;}\u00a0\u00bb][vc_column_text]T\u00e9l\u00e9phone : 905-738-7955<br \/>\nSans frais : 1-800-738-7955<br \/>\nT\u00e9l\u00e9copieur : 905-738-3523[\/vc_column_text][vc_column_text el_class=\u00a0\u00bbadd_cont\u00a0\u00bb css=\u00a0\u00bb.vc_custom_1556859195936{margin-bottom: 0px !important;}\u00a0\u00bb]<\/p>\n<h3 class=\"av-special-heading-tag\">Ou par courriel:<\/h3>\n<p>[\/vc_column_text][vc_separator align=\u00a0\u00bbalign_left\u00a0\u00bb border_width=\u00a0\u00bb2&Prime; el_width=\u00a0\u00bb50&Prime; el_class=\u00a0\u00bbunderline_sep\u00a0\u00bb css=\u00a0\u00bb.vc_custom_1528887106193{margin-bottom: 10px !important;}\u00a0\u00bb][vc_column_text]<a style=\"color: #ffff;\" href=\"mailto:info@nealbrothersfoods.com\">info@nealbrothersfoods.com<\/a>[\/vc_column_text][\/vc_column][vc_column width=\u00a0\u00bb1\/2&Prime;][vc_tta_tabs active_section=\u00a0\u00bb1&Prime; no_fill_content_area=\u00a0\u00bbtrue\u00a0\u00bb css=\u00a0\u00bb.vc_custom_1531920914249{background-color: rgba(0,0,0,0.8) !important;*background-color: rgb(0,0,0) !important;}\u00a0\u00bb][vc_tta_section title=\u00a0\u00bbDemande de renseignements g\u00e9n\u00e9rale\u00a0\u00bb tab_id=\u00a0\u00bb1531893542520-f5a63c52-c158&Prime; el_class=\u00a0\u00bbtab1&Prime;]<div role=\"form\" class=\"wpcf7\" id=\"wpcf7-f10444-o1\" lang=\"en-US\" dir=\"ltr\">\n<div class=\"screen-reader-response\"><p role=\"status\" aria-live=\"polite\" aria-atomic=\"true\"><\/p> <ul><\/ul><\/div>\n<form action=\"\/fr\/wp-json\/wp\/v2\/pages\/10438#wpcf7-f10444-o1\" method=\"post\" class=\"wpcf7-form init\" novalidate=\"novalidate\" data-status=\"init\">\n<div style=\"display: none;\">\n<input type=\"hidden\" name=\"_wpcf7\" value=\"10444\" \/>\n<input type=\"hidden\" name=\"_wpcf7_version\" value=\"5.5.6.1\" \/>\n<input type=\"hidden\" name=\"_wpcf7_locale\" value=\"en_US\" \/>\n<input type=\"hidden\" name=\"_wpcf7_unit_tag\" value=\"wpcf7-f10444-o1\" \/>\n<input type=\"hidden\" name=\"_wpcf7_container_post\" value=\"0\" \/>\n<input type=\"hidden\" name=\"_wpcf7_posted_data_hash\" value=\"\" \/>\n<input type=\"hidden\" name=\"_wpcf7_recaptcha_response\" value=\"\" \/>\n<\/div>\n<p><label> NOM*<br \/>\n    <span class=\"wpcf7-form-control-wrap your-name\"><input type=\"text\" name=\"your-name\" value=\"\" size=\"40\" class=\"wpcf7-form-control wpcf7-text wpcf7-validates-as-required\" aria-required=\"true\" aria-invalid=\"false\" \/><\/span> <\/label><\/p>\n<p><label> COURRIEL*<br \/>\n    <span class=\"wpcf7-form-control-wrap your-email\"><input type=\"email\" name=\"your-email\" value=\"\" size=\"40\" class=\"wpcf7-form-control wpcf7-text wpcf7-email wpcf7-validates-as-required wpcf7-validates-as-email\" aria-required=\"true\" aria-invalid=\"false\" \/><\/span> <\/label><\/p>\n<p><label> Sujet*<br \/>\n    <span class=\"wpcf7-form-control-wrap your-subject\"><input type=\"text\" name=\"your-subject\" value=\"\" size=\"40\" class=\"wpcf7-form-control wpcf7-text\" aria-invalid=\"false\" \/><\/span> <\/label><\/p>\n<p><label> Message*<br \/>\n    <span class=\"wpcf7-form-control-wrap your-message\"><textarea name=\"your-message\" cols=\"40\" rows=\"10\" class=\"wpcf7-form-control wpcf7-textarea\" aria-invalid=\"false\"><\/textarea><\/span> <\/label><\/p>\n<p><input type=\"submit\" value=\"Envoyer\" class=\"wpcf7-form-control has-spinner wpcf7-submit\" \/><\/p>\n<input type='hidden' class='wpcf7-pum' value='{\"closepopup\":false,\"closedelay\":0,\"openpopup\":false,\"openpopup_id\":0}' \/><div class=\"wpcf7-response-output\" aria-hidden=\"true\"><\/div><\/form><\/div>[\/vc_tta_section][vc_tta_section title=\u00a0\u00bbDemande de renseignements \u2013 Commerce de vente en gros\u00a0\u00bb tab_id=\u00a0\u00bb1531893542540-0ab74630-51c3&Prime; el_class=\u00a0\u00bbtab2&Prime;]<div role=\"form\" class=\"wpcf7\" id=\"wpcf7-f10443-o2\" lang=\"en-US\" dir=\"ltr\">\n<div class=\"screen-reader-response\"><p role=\"status\" aria-live=\"polite\" aria-atomic=\"true\"><\/p> <ul><\/ul><\/div>\n<form action=\"\/fr\/wp-json\/wp\/v2\/pages\/10438#wpcf7-f10443-o2\" method=\"post\" class=\"wpcf7-form init\" novalidate=\"novalidate\" data-status=\"init\">\n<div style=\"display: none;\">\n<input type=\"hidden\" name=\"_wpcf7\" value=\"10443\" \/>\n<input type=\"hidden\" name=\"_wpcf7_version\" value=\"5.5.6.1\" \/>\n<input type=\"hidden\" name=\"_wpcf7_locale\" value=\"en_US\" \/>\n<input type=\"hidden\" name=\"_wpcf7_unit_tag\" value=\"wpcf7-f10443-o2\" \/>\n<input type=\"hidden\" name=\"_wpcf7_container_post\" value=\"0\" \/>\n<input type=\"hidden\" name=\"_wpcf7_posted_data_hash\" value=\"\" \/>\n<input type=\"hidden\" name=\"_wpcf7_recaptcha_response\" value=\"\" \/>\n<\/div>\n<p><label> Nom de la compagnie*<br \/>\n    <span class=\"wpcf7-form-control-wrap biz-name\"><input type=\"text\" name=\"biz-name\" value=\"\" size=\"40\" class=\"wpcf7-form-control wpcf7-text wpcf7-validates-as-required\" aria-required=\"true\" aria-invalid=\"false\" \/><\/span> <\/label><\/p>\n<p><label> Personne-ressource*<br \/>\n    <span class=\"wpcf7-form-control-wrap your-name\"><input type=\"text\" name=\"your-name\" value=\"\" size=\"40\" class=\"wpcf7-form-control wpcf7-text wpcf7-validates-as-required\" aria-required=\"true\" aria-invalid=\"false\" \/><\/span> <\/label><\/p>\n<p><label> Courriel*<br \/>\n    <span class=\"wpcf7-form-control-wrap your-email\"><input type=\"email\" name=\"your-email\" value=\"\" size=\"40\" class=\"wpcf7-form-control wpcf7-text wpcf7-email wpcf7-validates-as-required wpcf7-validates-as-email\" aria-required=\"true\" aria-invalid=\"false\" \/><\/span> <\/label><\/p>\n<p><label> Num\u00e9ro de t\u00e9l\u00e9phone*<br \/>\n<span class=\"wpcf7-form-control-wrap tel-5\"><input type=\"tel\" name=\"tel-5\" value=\"\" size=\"40\" class=\"wpcf7-form-control wpcf7-text wpcf7-tel wpcf7-validates-as-required wpcf7-validates-as-tel\" aria-required=\"true\" aria-invalid=\"false\" placeholder=\"Num\u00e9ro de t\u00e9l\u00e9phone\" \/><\/span> <\/label><\/p>\n<p><label> Adresse de la compagnie*<br \/>\n<span class=\"wpcf7-form-control-wrap textarea-825\"><textarea name=\"textarea-825\" cols=\"40\" rows=\"10\" class=\"wpcf7-form-control wpcf7-textarea wpcf7-validates-as-required\" aria-required=\"true\" aria-invalid=\"false\"><\/textarea><\/span> <\/label><\/p>\n<p><label> D\u00e9taillant*<br \/>\n<span class=\"wpcf7-form-control-wrap url-754\"><input type=\"url\" name=\"url-754\" value=\"Stores Link\" size=\"40\" class=\"wpcf7-form-control wpcf7-text wpcf7-url wpcf7-validates-as-required wpcf7-validates-as-url\" aria-required=\"true\" aria-invalid=\"false\" \/><\/span> <\/label><\/p>\n<p><label> Message<br \/>\n<span class=\"wpcf7-form-control-wrap textarea-825\"><textarea name=\"textarea-825\" cols=\"40\" rows=\"10\" class=\"wpcf7-form-control wpcf7-textarea\" aria-invalid=\"false\" placeholder=\"Message\"><\/textarea><\/span> <\/label><\/p>\n<p><input type=\"submit\" value=\"Envoyer\" class=\"wpcf7-form-control has-spinner wpcf7-submit\" \/><\/p>\n<input type='hidden' class='wpcf7-pum' value='{\"closepopup\":false,\"closedelay\":0,\"openpopup\":false,\"openpopup_id\":0}' \/><div class=\"wpcf7-response-output\" aria-hidden=\"true\"><\/div><\/form><\/div>[\/vc_tta_section][vc_tta_section title=\u00a0\u00bbDemande de renseignements &#8211; Marketing\u00a0\u00bb tab_id=\u00a0\u00bb1531893544269-3b86b7dc-cdea\u00a0\u00bb el_class=\u00a0\u00bbtab3&Prime;]<div role=\"form\" class=\"wpcf7\" id=\"wpcf7-f10441-o3\" lang=\"en-US\" dir=\"ltr\">\n<div class=\"screen-reader-response\"><p role=\"status\" aria-live=\"polite\" aria-atomic=\"true\"><\/p> <ul><\/ul><\/div>\n<form action=\"\/fr\/wp-json\/wp\/v2\/pages\/10438#wpcf7-f10441-o3\" method=\"post\" class=\"wpcf7-form init\" novalidate=\"novalidate\" data-status=\"init\">\n<div style=\"display: none;\">\n<input type=\"hidden\" name=\"_wpcf7\" value=\"10441\" \/>\n<input type=\"hidden\" name=\"_wpcf7_version\" value=\"5.5.6.1\" \/>\n<input type=\"hidden\" name=\"_wpcf7_locale\" value=\"en_US\" \/>\n<input type=\"hidden\" name=\"_wpcf7_unit_tag\" value=\"wpcf7-f10441-o3\" \/>\n<input type=\"hidden\" name=\"_wpcf7_container_post\" value=\"0\" \/>\n<input type=\"hidden\" name=\"_wpcf7_posted_data_hash\" value=\"\" \/>\n<input type=\"hidden\" name=\"_wpcf7_recaptcha_response\" value=\"\" \/>\n<\/div>\n<p><label>Que cherchez-vous?<\/label><\/p>\n<p><span class=\"wpcf7-form-control-wrap checkbox-354\"><span class=\"wpcf7-form-control wpcf7-checkbox wpcf7-validates-as-required\"><span class=\"wpcf7-list-item first\"><span class=\"wpcf7-list-item-label\">Demande de kiosque<\/span><input type=\"checkbox\" name=\"checkbox-354[]\" value=\"Demande de kiosque\" \/><\/span><span class=\"wpcf7-list-item\"><span class=\"wpcf7-list-item-label\">Commandite<\/span><input type=\"checkbox\" name=\"checkbox-354[]\" value=\"Commandite\" \/><\/span><span class=\"wpcf7-list-item\"><span class=\"wpcf7-list-item-label\">D\u00e9mo\/Appui \u00e0 la vente au d\u00e9tail<\/span><input type=\"checkbox\" name=\"checkbox-354[]\" value=\"D\u00e9mo\/Appui \u00e0 la vente au d\u00e9tail\" \/><\/span><span class=\"wpcf7-list-item last\"><span class=\"wpcf7-list-item-label\">Dons de produits<\/span><input type=\"checkbox\" name=\"checkbox-354[]\" value=\"Dons de produits\" \/><\/span><\/span><\/span> <\/p>\n<p><label> \u00c9v\u00e9nement\/Nom de l\u2019activit\u00e9 :<br \/>\n<span class=\"wpcf7-form-control-wrap your-name\"><input type=\"text\" name=\"your-name\" value=\"\" size=\"40\" class=\"wpcf7-form-control wpcf7-text wpcf7-validates-as-required\" aria-required=\"true\" aria-invalid=\"false\" \/><\/span> <\/label><\/p>\n<p><label> Date de l\u2019\u00e9v\u00e9nement :<br \/>\n<span class=\"wpcf7-form-control-wrap date-88\"><input type=\"date\" name=\"date-88\" value=\"\" class=\"wpcf7-form-control wpcf7-date wpcf7-validates-as-required wpcf7-validates-as-date\" aria-required=\"true\" aria-invalid=\"false\" placeholder=\"Date\" \/><\/span> <\/label><\/p>\n<p><label> Nombre de participants :<br \/>\n<span class=\"wpcf7-form-control-wrap number-617\"><input type=\"number\" name=\"number-617\" value=\"\" class=\"wpcf7-form-control wpcf7-number wpcf7-validates-as-required wpcf7-validates-as-number\" aria-required=\"true\" aria-invalid=\"false\" \/><\/span> <\/label><\/p>\n<p><label> Commandite :<br \/>\n<span class=\"wpcf7-form-control-wrap number-618\"><input type=\"number\" name=\"number-618\" value=\"\" class=\"wpcf7-form-control wpcf7-number wpcf7-validates-as-required wpcf7-validates-as-number\" aria-required=\"true\" aria-invalid=\"false\" placeholder=\"Commandite\" \/><\/span> <\/label><\/p>\n<p><label> Lieu de l\u2019\u00e9v\u00e9nement :<br \/>\n<span class=\"wpcf7-form-control-wrap text-766\"><input type=\"text\" name=\"text-766\" value=\"\" size=\"40\" class=\"wpcf7-form-control wpcf7-text\" aria-invalid=\"false\" placeholder=\"Lieu de l\u2019\u00e9v\u00e9nement\" \/><\/span> <\/label><\/p>\n<p><label> Courriel :<br \/>\n<span class=\"wpcf7-form-control-wrap email-788\"><input type=\"email\" name=\"email-788\" value=\"\" size=\"40\" class=\"wpcf7-form-control wpcf7-text wpcf7-email wpcf7-validates-as-required wpcf7-validates-as-email\" aria-required=\"true\" aria-invalid=\"false\" \/><\/span> <\/label><\/p>\n<p><label> Votre message<br \/>\n    <span class=\"wpcf7-form-control-wrap your-message\"><textarea name=\"your-message\" cols=\"40\" rows=\"10\" class=\"wpcf7-form-control wpcf7-textarea\" aria-invalid=\"false\"><\/textarea><\/span> <\/label><\/p>\n<p><input type=\"submit\" value=\"Envoyer\" class=\"wpcf7-form-control has-spinner wpcf7-submit\" \/><\/p>\n<input type='hidden' class='wpcf7-pum' value='{\"closepopup\":false,\"closedelay\":0,\"openpopup\":false,\"openpopup_id\":0}' \/><div class=\"wpcf7-response-output\" aria-hidden=\"true\"><\/div><\/form><\/div>[\/vc_tta_section][\/vc_tta_tabs][\/vc_column][\/vc_row][\/vc_section]<\/p>\n","protected":false},"excerpt":{"rendered":"<p>[vc_section full_width=\u00a0\u00bbstretch_row\u00a0\u00bb][vc_row][vc_column el_class=\u00a0\u00bbcontact_title\u00a0\u00bb][vc_custom_heading text=\u00a0\u00bbDonnez-nous votre avis\u00a0\u00bb font_container=\u00a0\u00bbtag:h2|font_size:64px|text_align:center\u00a0\u00bb use_theme_fonts=\u00a0\u00bbyes\u00a0\u00bb el_class=\u00a0\u00bbcontact_title\u00a0\u00bb][\/vc_column][\/vc_row][\/vc_section][vc_section full_width=\u00a0\u00bbstretch_row\u00a0\u00bb css=\u00a0\u00bb.vc_custom_1528892963429{background-color: #000000 !important;}\u00a0\u00bb][vc_row][vc_column width=\u00a0\u00bb1\/6&Prime;][\/vc_column][vc_column width=\u00a0\u00bb2\/3&Prime;][vc_column_text el_class=\u00a0\u00bbtalk-to-us-p\u00a0\u00bb]Nous aimons avoir de vos nouvelles! Si vous avez une question \u00e0 propos d\u2019un produit ou si vous d\u00e9sirez recevoir un don, nous sommes heureux de vous entendre . Veuillez faire votre demande dans la section appropri\u00e9e ci-dessous.[\/vc_column_text][\/vc_column][vc_column width=\u00a0\u00bb1\/6&Prime;][\/vc_column][\/vc_row][vc_row][vc_column width=\u00a0\u00bb1\/12&Prime;][\/vc_column][vc_column [&hellip;]<\/p>\n","protected":false},"author":6,"featured_media":0,"parent":0,"menu_order":0,"comment_status":"closed","ping_status":"closed","template":"","meta":[],"yoast_head":"<!-- This site is optimized with the Yoast SEO plugin v19.1 - https:\/\/yoast.com\/wordpress\/plugins\/seo\/ -->\n<title>Donnez-nous votre avis - Neal Brothers Foods<\/title>\n<meta name=\"robots\" content=\"noindex, follow, max-snippet:-1, max-image-preview:large, max-video-preview:-1\" \/>\n<meta property=\"og:locale\" content=\"fr_FR\" \/>\n<meta property=\"og:type\" content=\"article\" \/>\n<meta property=\"og:title\" content=\"Donnez-nous votre avis - Neal Brothers Foods\" \/>\n<meta property=\"og:description\" content=\"[vc_section full_width=\u00a0\u00bbstretch_row\u00a0\u00bb][vc_row][vc_column el_class=\u00a0\u00bbcontact_title\u00a0\u00bb][vc_custom_heading text=\u00a0\u00bbDonnez-nous votre avis\u00a0\u00bb font_container=\u00a0\u00bbtag:h2|font_size:64px|text_align:center\u00a0\u00bb use_theme_fonts=\u00a0\u00bbyes\u00a0\u00bb el_class=\u00a0\u00bbcontact_title\u00a0\u00bb][\/vc_column][\/vc_row][\/vc_section][vc_section full_width=\u00a0\u00bbstretch_row\u00a0\u00bb css=\u00a0\u00bb.vc_custom_1528892963429{background-color: #000000 !important;}\u00a0\u00bb][vc_row][vc_column width=\u00a0\u00bb1\/6&Prime;][\/vc_column][vc_column width=\u00a0\u00bb2\/3&Prime;][vc_column_text el_class=\u00a0\u00bbtalk-to-us-p\u00a0\u00bb]Nous aimons avoir de vos nouvelles! Si vous avez une question \u00e0 propos d\u2019un produit ou si vous d\u00e9sirez recevoir un don, nous sommes heureux de vous entendre . Veuillez faire votre demande dans la section appropri\u00e9e ci-dessous.[\/vc_column_text][\/vc_column][vc_column width=\u00a0\u00bb1\/6&Prime;][\/vc_column][\/vc_row][vc_row][vc_column width=\u00a0\u00bb1\/12&Prime;][\/vc_column][vc_column [&hellip;]\" \/>\n<meta property=\"og:url\" content=\"https:\/\/www.nealbrothersfoods.com\/fr\/donnez-nous-votre-avis\/\" \/>\n<meta property=\"og:site_name\" content=\"Neal Brothers Foods\" \/>\n<meta property=\"article:publisher\" content=\"https:\/\/www.facebook.com\/NealBrothersFoods\" \/>\n<meta property=\"article:modified_time\" content=\"2022-06-09T14:00:34+00:00\" \/>\n<meta name=\"twitter:card\" content=\"summary_large_image\" \/>\n<meta name=\"twitter:site\" content=\"@nealbrothers\" \/>\n<meta name=\"twitter:label1\" content=\"Dur\u00e9e de lecture estim\u00e9e\" \/>\n\t<meta name=\"twitter:data1\" content=\"1 minute\" \/>\n<script type=\"application\/ld+json\" class=\"yoast-schema-graph\">{\"@context\":\"https:\/\/schema.org\",\"@graph\":[{\"@type\":\"Organization\",\"@id\":\"https:\/\/www.nealbrothersfoods.com\/#organization\",\"name\":\"Neal Brothers Foods\",\"url\":\"https:\/\/www.nealbrothersfoods.com\/\",\"sameAs\":[\"https:\/\/www.instagram.com\/nealbrothers\/\",\"https:\/\/www.facebook.com\/NealBrothersFoods\",\"https:\/\/twitter.com\/nealbrothers\"],\"logo\":{\"@type\":\"ImageObject\",\"inLanguage\":\"fr-FR\",\"@id\":\"https:\/\/www.nealbrothersfoods.com\/#\/schema\/logo\/image\/\",\"url\":\"https:\/\/www.nealbrothersfoods.com\/wp-content\/uploads\/2018\/09\/Monogram_Distressed-copy.png\",\"contentUrl\":\"https:\/\/www.nealbrothersfoods.com\/wp-content\/uploads\/2018\/09\/Monogram_Distressed-copy.png\",\"width\":249,\"height\":248,\"caption\":\"Neal Brothers Foods\"},\"image\":{\"@id\":\"https:\/\/www.nealbrothersfoods.com\/#\/schema\/logo\/image\/\"}},{\"@type\":\"WebSite\",\"@id\":\"https:\/\/www.nealbrothersfoods.com\/#website\",\"url\":\"https:\/\/www.nealbrothersfoods.com\/\",\"name\":\"Neal Brothers Foods\",\"description\":\"From Our Family to Yours\",\"publisher\":{\"@id\":\"https:\/\/www.nealbrothersfoods.com\/#organization\"},\"potentialAction\":[{\"@type\":\"SearchAction\",\"target\":{\"@type\":\"EntryPoint\",\"urlTemplate\":\"https:\/\/www.nealbrothersfoods.com\/?s={search_term_string}\"},\"query-input\":\"required name=search_term_string\"}],\"inLanguage\":\"fr-FR\"},{\"@type\":\"WebPage\",\"@id\":\"https:\/\/www.nealbrothersfoods.com\/fr\/donnez-nous-votre-avis\/#webpage\",\"url\":\"https:\/\/www.nealbrothersfoods.com\/fr\/donnez-nous-votre-avis\/\",\"name\":\"Donnez-nous votre avis - Neal Brothers Foods\",\"isPartOf\":{\"@id\":\"https:\/\/www.nealbrothersfoods.com\/#website\"},\"datePublished\":\"2018-06-05T12:24:25+00:00\",\"dateModified\":\"2022-06-09T14:00:34+00:00\",\"breadcrumb\":{\"@id\":\"https:\/\/www.nealbrothersfoods.com\/fr\/donnez-nous-votre-avis\/#breadcrumb\"},\"inLanguage\":\"fr-FR\",\"potentialAction\":[{\"@type\":\"ReadAction\",\"target\":[\"https:\/\/www.nealbrothersfoods.com\/fr\/donnez-nous-votre-avis\/\"]}]},{\"@type\":\"BreadcrumbList\",\"@id\":\"https:\/\/www.nealbrothersfoods.com\/fr\/donnez-nous-votre-avis\/#breadcrumb\",\"itemListElement\":[{\"@type\":\"ListItem\",\"position\":1,\"name\":\"Home\",\"item\":\"https:\/\/www.nealbrothersfoods.com\/fr\/\"},{\"@type\":\"ListItem\",\"position\":2,\"name\":\"Donnez-nous votre avis\"}]}]}<\/script>\n<!-- \/ Yoast SEO plugin. -->","yoast_head_json":{"title":"Donnez-nous votre avis - Neal Brothers Foods","robots":{"index":"noindex","follow":"follow","max-snippet":"max-snippet:-1","max-image-preview":"max-image-preview:large","max-video-preview":"max-video-preview:-1"},"og_locale":"fr_FR","og_type":"article","og_title":"Donnez-nous votre avis - Neal Brothers Foods","og_description":"[vc_section full_width=\u00a0\u00bbstretch_row\u00a0\u00bb][vc_row][vc_column el_class=\u00a0\u00bbcontact_title\u00a0\u00bb][vc_custom_heading text=\u00a0\u00bbDonnez-nous votre avis\u00a0\u00bb font_container=\u00a0\u00bbtag:h2|font_size:64px|text_align:center\u00a0\u00bb use_theme_fonts=\u00a0\u00bbyes\u00a0\u00bb el_class=\u00a0\u00bbcontact_title\u00a0\u00bb][\/vc_column][\/vc_row][\/vc_section][vc_section full_width=\u00a0\u00bbstretch_row\u00a0\u00bb css=\u00a0\u00bb.vc_custom_1528892963429{background-color: #000000 !important;}\u00a0\u00bb][vc_row][vc_column width=\u00a0\u00bb1\/6&Prime;][\/vc_column][vc_column width=\u00a0\u00bb2\/3&Prime;][vc_column_text el_class=\u00a0\u00bbtalk-to-us-p\u00a0\u00bb]Nous aimons avoir de vos nouvelles! Si vous avez une question \u00e0 propos d\u2019un produit ou si vous d\u00e9sirez recevoir un don, nous sommes heureux de vous entendre . Veuillez faire votre demande dans la section appropri\u00e9e ci-dessous.[\/vc_column_text][\/vc_column][vc_column width=\u00a0\u00bb1\/6&Prime;][\/vc_column][\/vc_row][vc_row][vc_column width=\u00a0\u00bb1\/12&Prime;][\/vc_column][vc_column [&hellip;]","og_url":"https:\/\/www.nealbrothersfoods.com\/fr\/donnez-nous-votre-avis\/","og_site_name":"Neal Brothers Foods","article_publisher":"https:\/\/www.facebook.com\/NealBrothersFoods","article_modified_time":"2022-06-09T14:00:34+00:00","twitter_card":"summary_large_image","twitter_site":"@nealbrothers","twitter_misc":{"Dur\u00e9e de lecture estim\u00e9e":"1 minute"},"schema":{"@context":"https:\/\/schema.org","@graph":[{"@type":"Organization","@id":"https:\/\/www.nealbrothersfoods.com\/#organization","name":"Neal Brothers Foods","url":"https:\/\/www.nealbrothersfoods.com\/","sameAs":["https:\/\/www.instagram.com\/nealbrothers\/","https:\/\/www.facebook.com\/NealBrothersFoods","https:\/\/twitter.com\/nealbrothers"],"logo":{"@type":"ImageObject","inLanguage":"fr-FR","@id":"https:\/\/www.nealbrothersfoods.com\/#\/schema\/logo\/image\/","url":"https:\/\/www.nealbrothersfoods.com\/wp-content\/uploads\/2018\/09\/Monogram_Distressed-copy.png","contentUrl":"https:\/\/www.nealbrothersfoods.com\/wp-content\/uploads\/2018\/09\/Monogram_Distressed-copy.png","width":249,"height":248,"caption":"Neal Brothers Foods"},"image":{"@id":"https:\/\/www.nealbrothersfoods.com\/#\/schema\/logo\/image\/"}},{"@type":"WebSite","@id":"https:\/\/www.nealbrothersfoods.com\/#website","url":"https:\/\/www.nealbrothersfoods.com\/","name":"Neal Brothers Foods","description":"From Our Family to Yours","publisher":{"@id":"https:\/\/www.nealbrothersfoods.com\/#organization"},"potentialAction":[{"@type":"SearchAction","target":{"@type":"EntryPoint","urlTemplate":"https:\/\/www.nealbrothersfoods.com\/?s={search_term_string}"},"query-input":"required name=search_term_string"}],"inLanguage":"fr-FR"},{"@type":"WebPage","@id":"https:\/\/www.nealbrothersfoods.com\/fr\/donnez-nous-votre-avis\/#webpage","url":"https:\/\/www.nealbrothersfoods.com\/fr\/donnez-nous-votre-avis\/","name":"Donnez-nous votre avis - Neal Brothers Foods","isPartOf":{"@id":"https:\/\/www.nealbrothersfoods.com\/#website"},"datePublished":"2018-06-05T12:24:25+00:00","dateModified":"2022-06-09T14:00:34+00:00","breadcrumb":{"@id":"https:\/\/www.nealbrothersfoods.com\/fr\/donnez-nous-votre-avis\/#breadcrumb"},"inLanguage":"fr-FR","potentialAction":[{"@type":"ReadAction","target":["https:\/\/www.nealbrothersfoods.com\/fr\/donnez-nous-votre-avis\/"]}]},{"@type":"BreadcrumbList","@id":"https:\/\/www.nealbrothersfoods.com\/fr\/donnez-nous-votre-avis\/#breadcrumb","itemListElement":[{"@type":"ListItem","position":1,"name":"Home","item":"https:\/\/www.nealbrothersfoods.com\/fr\/"},{"@type":"ListItem","position":2,"name":"Donnez-nous votre avis"}]}]}},"_links":{"self":[{"href":"https:\/\/www.nealbrothersfoods.com\/fr\/wp-json\/wp\/v2\/pages\/10438"}],"collection":[{"href":"https:\/\/www.nealbrothersfoods.com\/fr\/wp-json\/wp\/v2\/pages"}],"about":[{"href":"https:\/\/www.nealbrothersfoods.com\/fr\/wp-json\/wp\/v2\/types\/page"}],"author":[{"embeddable":true,"href":"https:\/\/www.nealbrothersfoods.com\/fr\/wp-json\/wp\/v2\/users\/6"}],"replies":[{"embeddable":true,"href":"https:\/\/www.nealbrothersfoods.com\/fr\/wp-json\/wp\/v2\/comments?post=10438"}],"version-history":[{"count":10,"href":"https:\/\/www.nealbrothersfoods.com\/fr\/wp-json\/wp\/v2\/pages\/10438\/revisions"}],"predecessor-version":[{"id":11580,"href":"https:\/\/www.nealbrothersfoods.com\/fr\/wp-json\/wp\/v2\/pages\/10438\/revisions\/11580"}],"wp:attachment":[{"href":"https:\/\/www.nealbrothersfoods.com\/fr\/wp-json\/wp\/v2\/media?parent=10438"}],"curies":[{"name":"wp","href":"https:\/\/api.w.org\/{rel}","templated":true}]}}