{"id":10433,"date":"2018-06-05T12:25:00","date_gmt":"2018-06-05T12:25:00","guid":{"rendered":"https:\/\/www.nealbrothersfoods.com\/work-with-us\/"},"modified":"2022-06-09T10:09:37","modified_gmt":"2022-06-09T14:09:37","slug":"travaillez-avec-nous","status":"publish","type":"page","link":"https:\/\/www.nealbrothersfoods.com\/fr\/travaillez-avec-nous\/","title":{"rendered":"Travaillez avec nous"},"content":{"rendered":"<p>[vc_section full_width=\u00a0\u00bbstretch_row\u00a0\u00bb][vc_row][vc_column el_class=\u00a0\u00bbwork-with-us_title\u00a0\u00bb][vc_custom_heading text=\u00a0\u00bbTravaillez avec nous\u00a0\u00bb font_container=\u00a0\u00bbtag:h1|text_align:center\u00a0\u00bb use_theme_fonts=\u00a0\u00bbyes\u00a0\u00bb][vc_empty_space][\/vc_column][\/vc_row][\/vc_section][vc_section full_width=\u00a0\u00bbstretch_row\u00a0\u00bb css=\u00a0\u00bb.vc_custom_1531889128661{background-color: #000000 !important;}\u00a0\u00bb el_class=\u00a0\u00bbwork_titletext\u00a0\u00bb][vc_row][vc_column][vc_column_text]<\/p>\n<p style=\"text-align: center;\">Comme nous l\u2019avons mentionn\u00e9, nos employ\u00e9s sont extr\u00eamement importants pour nous et notre entreprise. V\u00e9rifiez r\u00e9guli\u00e8rement les offres d\u2019emploi chez Neal Brothers. En attendant vous pouvez toujours envoyer votre CV \u00e0 <a style=\"color: lightgrey; font-weight: 600;\" href=\"mailto:paulb@nealbrothersfoods.com\">paulb@nealbrothersfoods.com<\/a><\/p>\n<h2 style=\"text-align: center;\"><strong>POSITION: Brand Coordinator\u00a0<\/strong><\/h2>\n<p style=\"text-align: center;\">NOTE &#8211; send resumes to dave@nealbrothersfoods.com<\/p>\n<p style=\"text-align: center;\"><strong>(Reports directly to Brand Management Team &#8211; Brand Manager &amp; Business Analyst)<\/strong><\/p>\n<p style=\"text-align: center;\"><strong>\u00a0<\/strong>Join one of Eastern Canada\u2019s leading natural food distributors, Neal Brothers Inc.<\/p>\n<p style=\"text-align: center;\"><strong>THE COMPANY:<\/strong><\/p>\n<p style=\"text-align: center;\">Neal Brothers Inc was founded by brothers, Chris &amp; Peter in 1988. The brothers started a crouton company in their mother\u2019s kitchen, which has since grown to have various line additions in its\u2019 namesake portfolio as well as a newly acquired gluten free product line (Enerjive). In addition to its\u2019 namesake line, Neal Brothers Foods is also one of the leading boutique distributors in Eastern Canada.<\/p>\n<p style=\"text-align: center;\"><strong>THE POSITION:<\/strong><\/p>\n<p style=\"text-align: center;\">We are looking for a full time Brand Coordinator, preferably with experience in the food industry, to join our Neal Brothers family. 0-10% travel may be required. \u00a0Weekends may be required at times for industry shows (lieu days offered for time).<\/p>\n<p style=\"text-align: center;\">Health Spending Account<\/p>\n<p style=\"text-align: center;\">Profit Sharing Program<\/p>\n<p style=\"text-align: center;\"><strong>THE LOCATION: <\/strong><\/p>\n<p style=\"text-align: center;\">Neal Brothers Foods is located in Richmond Hill, ON.<\/p>\n<p style=\"text-align: center;\"><strong>JOB DESCRIPTION:<\/strong><\/p>\n<p style=\"text-align: center;\">As brand coordinator, you will act as support to the brand management team (brand manager and business analyst) in daily tasks and projects, such as, but not limited to:<\/p>\n<p style=\"text-align: center;\">Producing monthly manufacturer charge-back reports<\/p>\n<p style=\"text-align: center;\">Maintaining promotional activity in SAP<\/p>\n<p style=\"text-align: center;\">Intermediary between sales team and brands<\/p>\n<p style=\"text-align: center;\">Working in conjunction with marketing to develop promotional marketing material<\/p>\n<p style=\"text-align: center;\">Additional administrative duties<\/p>\n<p style=\"text-align: center;\"><strong>JOB REQUIREMENTS:<\/strong><\/p>\n<p style=\"text-align: center;\">College Diploma or Bachelor in Business<\/p>\n<p style=\"text-align: center;\">Work Experience (Min: 6 months) in Administrative Role in Office Setting<\/p>\n<p style=\"text-align: center;\">Organized individual with exceptional time management skills<\/p>\n<p style=\"text-align: center;\">Proficient in use of Microsoft Office Suite<\/p>\n<p style=\"text-align: center;\">Advanced knowledge of Microsoft Excel<\/p>\n<p style=\"text-align: center;\">SAP Experience an asset<\/p>\n<h2 style=\"text-align: center;\"><strong>WAREHOUSE WORKER &#8211; MULTIPLE POSITIONS AVAILABLE (FULL TIME)<\/strong><\/h2>\n<p style=\"text-align: center;\">We are looking for an energetic addition to our warehouse team and our rapidly growing company.<\/p>\n<p style=\"text-align: center;\"><b>DUTIES<\/b><br \/>\nRe-packaging product<br \/>\nPick and Pack Customer orders promptly and accurately using clearly detailed pick sheets<br \/>\nCheck accuracy of picked orders<br \/>\nCycle counting inventory<br \/>\nReport on inventory accuracy and integrity<br \/>\nRe-stocking shelves<br \/>\nGeneral Warehouse maintenance<\/p>\n<p style=\"text-align: center;\"><b>GENERAL<\/b><br \/>\nComplete all paperwork as required<br \/>\nEnsure highest level of security for buildings, equipment and product<br \/>\nEnsure safety measures are implemented and adhered to at all times<br \/>\nAdhere to the policies and procedures in the Employee Handbook<br \/>\nPerform other duties as required<br \/>\nExemplify the Neal Brothers core values<br \/>\nArrive on time for shifts and meetings, take lunch as scheduled, being respectful of all Neal Brothers employees<\/p>\n<p style=\"text-align: center;\"><b>REQUIREMENTS<\/b><br \/>\nWarehouse experience preferred \u2013 1 year ideal<br \/>\nMust be able to comfortably and regularly lift over 50 lbs<br \/>\nReliability &amp; Punctuality<br \/>\nAttention to detail<br \/>\nStrong memory<br \/>\nAffinity with numbers<br \/>\nSpace management and organization skills<br \/>\nAbility to work quickly yet accurately<br \/>\nEffective verbal and listening communication skills<br \/>\nAccurate written and record-taking skills<br \/>\nAbility to integrate effectively into team and nurture positive interdepartmental relationships<\/p>\n<p>[\/vc_column_text][\/vc_column][\/vc_row][\/vc_section]<\/p>\n","protected":false},"excerpt":{"rendered":"<p>[vc_section full_width=\u00a0\u00bbstretch_row\u00a0\u00bb][vc_row][vc_column el_class=\u00a0\u00bbwork-with-us_title\u00a0\u00bb][vc_custom_heading text=\u00a0\u00bbTravaillez avec nous\u00a0\u00bb font_container=\u00a0\u00bbtag:h1|text_align:center\u00a0\u00bb use_theme_fonts=\u00a0\u00bbyes\u00a0\u00bb][vc_empty_space][\/vc_column][\/vc_row][\/vc_section][vc_section full_width=\u00a0\u00bbstretch_row\u00a0\u00bb css=\u00a0\u00bb.vc_custom_1531889128661{background-color: #000000 !important;}\u00a0\u00bb el_class=\u00a0\u00bbwork_titletext\u00a0\u00bb][vc_row][vc_column][vc_column_text] Comme nous l\u2019avons mentionn\u00e9, nos employ\u00e9s sont extr\u00eamement importants pour nous et notre entreprise. V\u00e9rifiez r\u00e9guli\u00e8rement les offres d\u2019emploi chez Neal Brothers. En attendant vous pouvez toujours envoyer votre CV \u00e0 paulb@nealbrothersfoods.com POSITION: Brand Coordinator\u00a0 NOTE &#8211; send resumes to dave@nealbrothersfoods.com (Reports [&hellip;]<\/p>\n","protected":false},"author":6,"featured_media":0,"parent":0,"menu_order":0,"comment_status":"closed","ping_status":"closed","template":"","meta":[],"yoast_head":"<!-- This site is optimized with the Yoast SEO plugin v19.1 - https:\/\/yoast.com\/wordpress\/plugins\/seo\/ -->\n<title>Travaillez avec nous - Neal Brothers Foods<\/title>\n<meta name=\"robots\" content=\"noindex, follow, max-snippet:-1, max-image-preview:large, max-video-preview:-1\" \/>\n<meta property=\"og:locale\" content=\"fr_FR\" \/>\n<meta property=\"og:type\" content=\"article\" \/>\n<meta property=\"og:title\" content=\"Travaillez avec nous - Neal Brothers Foods\" \/>\n<meta property=\"og:description\" content=\"[vc_section full_width=\u00a0\u00bbstretch_row\u00a0\u00bb][vc_row][vc_column el_class=\u00a0\u00bbwork-with-us_title\u00a0\u00bb][vc_custom_heading text=\u00a0\u00bbTravaillez avec nous\u00a0\u00bb font_container=\u00a0\u00bbtag:h1|text_align:center\u00a0\u00bb use_theme_fonts=\u00a0\u00bbyes\u00a0\u00bb][vc_empty_space][\/vc_column][\/vc_row][\/vc_section][vc_section full_width=\u00a0\u00bbstretch_row\u00a0\u00bb css=\u00a0\u00bb.vc_custom_1531889128661{background-color: #000000 !important;}\u00a0\u00bb el_class=\u00a0\u00bbwork_titletext\u00a0\u00bb][vc_row][vc_column][vc_column_text] Comme nous l\u2019avons mentionn\u00e9, nos employ\u00e9s sont extr\u00eamement importants pour nous et notre entreprise. V\u00e9rifiez r\u00e9guli\u00e8rement les offres d\u2019emploi chez Neal Brothers. En attendant vous pouvez toujours envoyer votre CV \u00e0 paulb@nealbrothersfoods.com POSITION: Brand Coordinator\u00a0 NOTE &#8211; send resumes to dave@nealbrothersfoods.com (Reports [&hellip;]\" \/>\n<meta property=\"og:url\" content=\"https:\/\/www.nealbrothersfoods.com\/fr\/travaillez-avec-nous\/\" \/>\n<meta property=\"og:site_name\" content=\"Neal Brothers Foods\" \/>\n<meta property=\"article:publisher\" content=\"https:\/\/www.facebook.com\/NealBrothersFoods\" \/>\n<meta property=\"article:modified_time\" content=\"2022-06-09T14:09:37+00:00\" \/>\n<meta name=\"twitter:card\" content=\"summary_large_image\" \/>\n<meta name=\"twitter:site\" content=\"@nealbrothers\" \/>\n<meta name=\"twitter:label1\" content=\"Dur\u00e9e de lecture estim\u00e9e\" \/>\n\t<meta name=\"twitter:data1\" content=\"3 minutes\" \/>\n<script type=\"application\/ld+json\" class=\"yoast-schema-graph\">{\"@context\":\"https:\/\/schema.org\",\"@graph\":[{\"@type\":\"Organization\",\"@id\":\"https:\/\/www.nealbrothersfoods.com\/#organization\",\"name\":\"Neal Brothers Foods\",\"url\":\"https:\/\/www.nealbrothersfoods.com\/\",\"sameAs\":[\"https:\/\/www.instagram.com\/nealbrothers\/\",\"https:\/\/www.facebook.com\/NealBrothersFoods\",\"https:\/\/twitter.com\/nealbrothers\"],\"logo\":{\"@type\":\"ImageObject\",\"inLanguage\":\"fr-FR\",\"@id\":\"https:\/\/www.nealbrothersfoods.com\/#\/schema\/logo\/image\/\",\"url\":\"https:\/\/www.nealbrothersfoods.com\/wp-content\/uploads\/2018\/09\/Monogram_Distressed-copy.png\",\"contentUrl\":\"https:\/\/www.nealbrothersfoods.com\/wp-content\/uploads\/2018\/09\/Monogram_Distressed-copy.png\",\"width\":249,\"height\":248,\"caption\":\"Neal Brothers Foods\"},\"image\":{\"@id\":\"https:\/\/www.nealbrothersfoods.com\/#\/schema\/logo\/image\/\"}},{\"@type\":\"WebSite\",\"@id\":\"https:\/\/www.nealbrothersfoods.com\/#website\",\"url\":\"https:\/\/www.nealbrothersfoods.com\/\",\"name\":\"Neal Brothers Foods\",\"description\":\"From Our Family to Yours\",\"publisher\":{\"@id\":\"https:\/\/www.nealbrothersfoods.com\/#organization\"},\"potentialAction\":[{\"@type\":\"SearchAction\",\"target\":{\"@type\":\"EntryPoint\",\"urlTemplate\":\"https:\/\/www.nealbrothersfoods.com\/?s={search_term_string}\"},\"query-input\":\"required name=search_term_string\"}],\"inLanguage\":\"fr-FR\"},{\"@type\":\"WebPage\",\"@id\":\"https:\/\/www.nealbrothersfoods.com\/fr\/travaillez-avec-nous\/#webpage\",\"url\":\"https:\/\/www.nealbrothersfoods.com\/fr\/travaillez-avec-nous\/\",\"name\":\"Travaillez avec nous - Neal Brothers Foods\",\"isPartOf\":{\"@id\":\"https:\/\/www.nealbrothersfoods.com\/#website\"},\"datePublished\":\"2018-06-05T12:25:00+00:00\",\"dateModified\":\"2022-06-09T14:09:37+00:00\",\"breadcrumb\":{\"@id\":\"https:\/\/www.nealbrothersfoods.com\/fr\/travaillez-avec-nous\/#breadcrumb\"},\"inLanguage\":\"fr-FR\",\"potentialAction\":[{\"@type\":\"ReadAction\",\"target\":[\"https:\/\/www.nealbrothersfoods.com\/fr\/travaillez-avec-nous\/\"]}]},{\"@type\":\"BreadcrumbList\",\"@id\":\"https:\/\/www.nealbrothersfoods.com\/fr\/travaillez-avec-nous\/#breadcrumb\",\"itemListElement\":[{\"@type\":\"ListItem\",\"position\":1,\"name\":\"Home\",\"item\":\"https:\/\/www.nealbrothersfoods.com\/fr\/\"},{\"@type\":\"ListItem\",\"position\":2,\"name\":\"Travaillez avec nous\"}]}]}<\/script>\n<!-- \/ Yoast SEO plugin. -->","yoast_head_json":{"title":"Travaillez avec nous - Neal Brothers Foods","robots":{"index":"noindex","follow":"follow","max-snippet":"max-snippet:-1","max-image-preview":"max-image-preview:large","max-video-preview":"max-video-preview:-1"},"og_locale":"fr_FR","og_type":"article","og_title":"Travaillez avec nous - Neal Brothers Foods","og_description":"[vc_section full_width=\u00a0\u00bbstretch_row\u00a0\u00bb][vc_row][vc_column el_class=\u00a0\u00bbwork-with-us_title\u00a0\u00bb][vc_custom_heading text=\u00a0\u00bbTravaillez avec nous\u00a0\u00bb font_container=\u00a0\u00bbtag:h1|text_align:center\u00a0\u00bb use_theme_fonts=\u00a0\u00bbyes\u00a0\u00bb][vc_empty_space][\/vc_column][\/vc_row][\/vc_section][vc_section full_width=\u00a0\u00bbstretch_row\u00a0\u00bb css=\u00a0\u00bb.vc_custom_1531889128661{background-color: #000000 !important;}\u00a0\u00bb el_class=\u00a0\u00bbwork_titletext\u00a0\u00bb][vc_row][vc_column][vc_column_text] Comme nous l\u2019avons mentionn\u00e9, nos employ\u00e9s sont extr\u00eamement importants pour nous et notre entreprise. V\u00e9rifiez r\u00e9guli\u00e8rement les offres d\u2019emploi chez Neal Brothers. En attendant vous pouvez toujours envoyer votre CV \u00e0 paulb@nealbrothersfoods.com POSITION: Brand Coordinator\u00a0 NOTE &#8211; send resumes to dave@nealbrothersfoods.com (Reports [&hellip;]","og_url":"https:\/\/www.nealbrothersfoods.com\/fr\/travaillez-avec-nous\/","og_site_name":"Neal Brothers Foods","article_publisher":"https:\/\/www.facebook.com\/NealBrothersFoods","article_modified_time":"2022-06-09T14:09:37+00:00","twitter_card":"summary_large_image","twitter_site":"@nealbrothers","twitter_misc":{"Dur\u00e9e de lecture estim\u00e9e":"3 minutes"},"schema":{"@context":"https:\/\/schema.org","@graph":[{"@type":"Organization","@id":"https:\/\/www.nealbrothersfoods.com\/#organization","name":"Neal Brothers Foods","url":"https:\/\/www.nealbrothersfoods.com\/","sameAs":["https:\/\/www.instagram.com\/nealbrothers\/","https:\/\/www.facebook.com\/NealBrothersFoods","https:\/\/twitter.com\/nealbrothers"],"logo":{"@type":"ImageObject","inLanguage":"fr-FR","@id":"https:\/\/www.nealbrothersfoods.com\/#\/schema\/logo\/image\/","url":"https:\/\/www.nealbrothersfoods.com\/wp-content\/uploads\/2018\/09\/Monogram_Distressed-copy.png","contentUrl":"https:\/\/www.nealbrothersfoods.com\/wp-content\/uploads\/2018\/09\/Monogram_Distressed-copy.png","width":249,"height":248,"caption":"Neal Brothers Foods"},"image":{"@id":"https:\/\/www.nealbrothersfoods.com\/#\/schema\/logo\/image\/"}},{"@type":"WebSite","@id":"https:\/\/www.nealbrothersfoods.com\/#website","url":"https:\/\/www.nealbrothersfoods.com\/","name":"Neal Brothers Foods","description":"From Our Family to Yours","publisher":{"@id":"https:\/\/www.nealbrothersfoods.com\/#organization"},"potentialAction":[{"@type":"SearchAction","target":{"@type":"EntryPoint","urlTemplate":"https:\/\/www.nealbrothersfoods.com\/?s={search_term_string}"},"query-input":"required name=search_term_string"}],"inLanguage":"fr-FR"},{"@type":"WebPage","@id":"https:\/\/www.nealbrothersfoods.com\/fr\/travaillez-avec-nous\/#webpage","url":"https:\/\/www.nealbrothersfoods.com\/fr\/travaillez-avec-nous\/","name":"Travaillez avec nous - Neal Brothers Foods","isPartOf":{"@id":"https:\/\/www.nealbrothersfoods.com\/#website"},"datePublished":"2018-06-05T12:25:00+00:00","dateModified":"2022-06-09T14:09:37+00:00","breadcrumb":{"@id":"https:\/\/www.nealbrothersfoods.com\/fr\/travaillez-avec-nous\/#breadcrumb"},"inLanguage":"fr-FR","potentialAction":[{"@type":"ReadAction","target":["https:\/\/www.nealbrothersfoods.com\/fr\/travaillez-avec-nous\/"]}]},{"@type":"BreadcrumbList","@id":"https:\/\/www.nealbrothersfoods.com\/fr\/travaillez-avec-nous\/#breadcrumb","itemListElement":[{"@type":"ListItem","position":1,"name":"Home","item":"https:\/\/www.nealbrothersfoods.com\/fr\/"},{"@type":"ListItem","position":2,"name":"Travaillez avec nous"}]}]}},"_links":{"self":[{"href":"https:\/\/www.nealbrothersfoods.com\/fr\/wp-json\/wp\/v2\/pages\/10433"}],"collection":[{"href":"https:\/\/www.nealbrothersfoods.com\/fr\/wp-json\/wp\/v2\/pages"}],"about":[{"href":"https:\/\/www.nealbrothersfoods.com\/fr\/wp-json\/wp\/v2\/types\/page"}],"author":[{"embeddable":true,"href":"https:\/\/www.nealbrothersfoods.com\/fr\/wp-json\/wp\/v2\/users\/6"}],"replies":[{"embeddable":true,"href":"https:\/\/www.nealbrothersfoods.com\/fr\/wp-json\/wp\/v2\/comments?post=10433"}],"version-history":[{"count":4,"href":"https:\/\/www.nealbrothersfoods.com\/fr\/wp-json\/wp\/v2\/pages\/10433\/revisions"}],"predecessor-version":[{"id":11583,"href":"https:\/\/www.nealbrothersfoods.com\/fr\/wp-json\/wp\/v2\/pages\/10433\/revisions\/11583"}],"wp:attachment":[{"href":"https:\/\/www.nealbrothersfoods.com\/fr\/wp-json\/wp\/v2\/media?parent=10433"}],"curies":[{"name":"wp","href":"https:\/\/api.w.org\/{rel}","templated":true}]}}