{"id":10420,"date":"2018-06-05T10:06:12","date_gmt":"2018-06-05T14:06:12","guid":{"rendered":"https:\/\/www.nealbrothersfoods.com\/journey\/"},"modified":"2022-06-08T17:16:04","modified_gmt":"2022-06-08T21:16:04","slug":"notre-histoire","status":"publish","type":"page","link":"https:\/\/www.nealbrothersfoods.com\/fr\/notre-histoire\/","title":{"rendered":"Notre Histoire"},"content":{"rendered":"<p>[vc_section full_width=\u00a0\u00bbstretch_row\u00a0\u00bb el_id=\u00a0\u00bbaboutus_heading\u00a0\u00bb][vc_row][vc_column el_class=\u00a0\u00bbabout_title\u00a0\u00bb][vc_custom_heading text=\u00a0\u00bbNotre Histoire\u00a0\u00bb font_container=\u00a0\u00bbtag:h1|font_size:64px|text_align:left\u00a0\u00bb use_theme_fonts=\u00a0\u00bbyes\u00a0\u00bb][\/vc_column][\/vc_row][\/vc_section][vc_section full_width=\u00a0\u00bbstretch_row\u00a0\u00bb css=\u00a0\u00bb.vc_custom_1529490918879{padding-top: 0px !important;padding-right: 0px !important;padding-left: 0px !important;background-color: #f8f8f8 !important;}\u00a0\u00bb][vc_row full_width=\u00a0\u00bbstretch_row\u00a0\u00bb full_height=\u00a0\u00bbyes\u00a0\u00bb el_id=\u00a0\u00bbset-image\u00a0\u00bb][vc_column width=\u00a0\u00bb1\/2&Prime; css=\u00a0\u00bb.vc_custom_1535360385490{padding-right: 0px !important;padding-left: 0px !important;background-image: url(https:\/\/www.nealbrothersfoods.com\/wp-content\/uploads\/2018\/08\/BrothersMom.jpeg?id=9915) !important;background-position: center !important;background-repeat: no-repeat !important;background-size: cover !important;}\u00a0\u00bb el_class=\u00a0\u00bbbrothers-image\u00a0\u00bb][\/vc_column][vc_column width=\u00a0\u00bb1\/2&Prime; el_id=\u00a0\u00bbstory_text\u00a0\u00bb][vc_custom_heading text=\u00a0\u00bbNOTRE HISTOIRE\u00a0\u00bb font_container=\u00a0\u00bbtag:h2|font_size:38px|text_align:left|color:%23000000&Prime; use_theme_fonts=\u00a0\u00bbyes\u00a0\u00bb el_class=\u00a0\u00bbfonth2&Prime;][vc_column_text]<\/p>\n<p style=\"color: black;\">Un cours acc\u00e9l\u00e9r\u00e9 de 60 secondes sur les fr\u00e8res Neal, Chris et Peter.<\/p>\n<p>[\/vc_column_text][vc_column_text]<\/p>\n<ol style=\"font-size: 15px;\">\n<li style=\"color: black;\">Nous sommes des fr\u00e8res (les gens nous demandent souvent si l\u2019entreprise Neal Brothers appartient \u00e0 des fr\u00e8res) qui avons d\u00e9marr\u00e9 notre compagnie en faisant des cro\u00fbtons dans la cuisine de notre m\u00e8re il y a 30 ans.<\/li>\n<li style=\"color: black;\">Notre but a toujours \u00e9t\u00e9d\u2019offrir diff\u00e9rentes options de collations pourtous. Nous utilisons des ingr\u00e9dients de qualit\u00e9 et mettons beaucoup d\u2019efforts afin d\u2019offrir des collations bonnes pour vous.<\/li>\n<li style=\"color: black;\">Pour nos 30 ans, nous avons pens\u00e9 qu\u2019il \u00e9tait temps de changer notre image et d\u2019adopter un look un peu plus mature (mais pas trop quand m\u00eame). De ce changement r\u00e9sulte les plus beaux emballages Neal Brothers jusqu\u2019\u00e0 pr\u00e9sent!<\/li>\n<li style=\"color: black;\">Finalement, pour notre 30i\u00e8me anniversaire, nous nous sommes engag\u00e9s \u00e0 \u00ab 30 fa\u00e7ons de faire du bien \u00bbparce que cela nous tient \u00e0 c\u0153ur. Nous sommes soucieux de nos produits, ainsi que des gens avec qui nous travaillons, nos partenaires, nos familles, nos communaut\u00e9s et notre monde.<\/li>\n<\/ol>\n<p>[\/vc_column_text][\/vc_column][\/vc_row][\/vc_section][vc_section full_width=\u00a0\u00bbstretch_row\u00a0\u00bb css=\u00a0\u00bb.vc_custom_1529047782717{padding-top: 0px !important;}\u00a0\u00bb][vc_row full_width=\u00a0\u00bbstretch_row_content_no_spaces\u00a0\u00bb equal_height=\u00a0\u00bbyes\u00a0\u00bb parallax=\u00a0\u00bbcontent-moving\u00a0\u00bb css=\u00a0\u00bb.vc_custom_1528442864273{padding-top: 10px !important;padding-bottom: 10px !important;background-image: url(https:\/\/www.nealbrothersfoods.com\/wp-content\/uploads\/2018\/06\/aboutus-sec3.png?id=692) !important;background-position: center;background-repeat: no-repeat;background-size:contain !important;}\u00a0\u00bb][vc_column width=\u00a0\u00bb1\/12&Prime; offset=\u00a0\u00bbvc_hidden-sm\u00a0\u00bb][\/vc_column][vc_column width=\u00a0\u00bb1\/4&Prime; css=\u00a0\u00bb.vc_custom_1529504826463{background-position: center !important;background-repeat: no-repeat !important;background-size: contain !important;}\u00a0\u00bb el_class=\u00a0\u00bbsection2_img\u00a0\u00bb][vc_single_image image=\u00a0\u00bb115&Prime; img_size=\u00a0\u00bbfull\u00a0\u00bb alignment=\u00a0\u00bbcenter\u00a0\u00bb css=\u00a0\u00bb.vc_custom_1529057823185{margin-right: 20px !important;}\u00a0\u00bb el_id=\u00a0\u00bblogo-ab-us\u00a0\u00bb][\/vc_column][vc_column width=\u00a0\u00bb1\/2&Prime; el_id=\u00a0\u00bblogo-text-right\u00a0\u00bb][vc_column_text]En plus de notre propre marque Neal Brothers, nous avons cr\u00e9\u00e9 l&rsquo;une des principales boutiques de distribution de produits naturels et biologiques de l&rsquo;Est du Canada. Visitez la page <a href=\"https:\/\/www.nealbrothersfoods.com\/fr\/curated\/\">Distribution<\/a> pour plus d\u2019information sur les produits que nous distribuons![\/vc_column_text][\/vc_column][\/vc_row][\/vc_section][vc_row][vc_column][vc_custom_heading text=\u00a0\u00bb30 FA\u00c7ONS DE FAIRE DU BIEN\u00a0\u00bb font_container=\u00a0\u00bbtag:h2|font_size:38px|text_align:center|color:%23000000&Prime; use_theme_fonts=\u00a0\u00bbyes\u00a0\u00bb el_class=\u00a0\u00bbfonth2&Prime; css=\u00a0\u00bb.vc_custom_1654722865530{margin-top: 20px !important;margin-bottom: 20px !important;}\u00a0\u00bb][vc_row_inner][vc_column_inner width=\u00a0\u00bb1\/3&Prime;][vc_column_text]<\/p>\n<div style=\"width: 1080px;\" class=\"wp-video\"><!--[if lt IE 9]><script>document.createElement('video');<\/script><![endif]-->\n<video class=\"wp-video-shortcode\" id=\"video-10420-1\" width=\"1080\" height=\"1080\" preload=\"metadata\" controls=\"controls\"><source type=\"video\/mp4\" src=\"https:\/\/www.nealbrothersfoods.com\/wp-content\/uploads\/2018\/11\/NealBrothers_30Acts_Badalis_FINAL.mp4?_=1\" \/><a href=\"https:\/\/www.nealbrothersfoods.com\/wp-content\/uploads\/2018\/11\/NealBrothers_30Acts_Badalis_FINAL.mp4\">https:\/\/www.nealbrothersfoods.com\/wp-content\/uploads\/2018\/11\/NealBrothers_30Acts_Badalis_FINAL.mp4<\/a><\/video><\/div>\n<p>[\/vc_column_text][\/vc_column_inner][vc_column_inner width=\u00a0\u00bb1\/3&Prime;][vc_column_text]<\/p>\n<div style=\"width: 1080px;\" class=\"wp-video\"><video class=\"wp-video-shortcode\" id=\"video-10420-2\" width=\"1080\" height=\"1080\" preload=\"metadata\" controls=\"controls\"><source type=\"video\/mp4\" src=\"https:\/\/www.nealbrothersfoods.com\/wp-content\/uploads\/2018\/11\/NealBrothers_30Acts_Launch_FINAL.mp4?_=2\" \/><a href=\"https:\/\/www.nealbrothersfoods.com\/wp-content\/uploads\/2018\/11\/NealBrothers_30Acts_Launch_FINAL.mp4\">https:\/\/www.nealbrothersfoods.com\/wp-content\/uploads\/2018\/11\/NealBrothers_30Acts_Launch_FINAL.mp4<\/a><\/video><\/div>\n<p>[\/vc_column_text][\/vc_column_inner][vc_column_inner width=\u00a0\u00bb1\/3&Prime;][vc_column_text]<\/p>\n<div style=\"width: 1080px;\" class=\"wp-video\"><video class=\"wp-video-shortcode\" id=\"video-10420-3\" width=\"1080\" height=\"1080\" preload=\"metadata\" controls=\"controls\"><source type=\"video\/mp4\" src=\"https:\/\/www.nealbrothersfoods.com\/wp-content\/uploads\/2018\/11\/NealBrothers_30Acts_Longos_FINAL.mp4?_=3\" \/><a href=\"https:\/\/www.nealbrothersfoods.com\/wp-content\/uploads\/2018\/11\/NealBrothers_30Acts_Longos_FINAL.mp4\">https:\/\/www.nealbrothersfoods.com\/wp-content\/uploads\/2018\/11\/NealBrothers_30Acts_Longos_FINAL.mp4<\/a><\/video><\/div>\n<p>[\/vc_column_text][\/vc_column_inner][\/vc_row_inner][vc_row_inner][vc_column_inner width=\u00a0\u00bb1\/3&Prime;][vc_column_text]<\/p>\n<div style=\"width: 1080px;\" class=\"wp-video\"><video class=\"wp-video-shortcode\" id=\"video-10420-4\" width=\"1080\" height=\"1080\" preload=\"metadata\" controls=\"controls\"><source type=\"video\/mp4\" src=\"https:\/\/www.nealbrothersfoods.com\/wp-content\/uploads\/2018\/11\/NealBrothers_30Acts_RegentPark_002.mp4?_=4\" \/><a href=\"https:\/\/www.nealbrothersfoods.com\/wp-content\/uploads\/2018\/11\/NealBrothers_30Acts_RegentPark_002.mp4\">https:\/\/www.nealbrothersfoods.com\/wp-content\/uploads\/2018\/11\/NealBrothers_30Acts_RegentPark_002.mp4<\/a><\/video><\/div>\n<p>[\/vc_column_text][\/vc_column_inner][vc_column_inner width=\u00a0\u00bb1\/3&Prime;][vc_column_text]<\/p>\n<div style=\"width: 1080px;\" class=\"wp-video\"><video class=\"wp-video-shortcode\" id=\"video-10420-5\" width=\"1080\" height=\"1080\" preload=\"metadata\" controls=\"controls\"><source type=\"video\/mp4\" src=\"https:\/\/www.nealbrothersfoods.com\/wp-content\/uploads\/2018\/11\/NealBrothers_30Acts_Traffic_003.mp4?_=5\" \/><a href=\"https:\/\/www.nealbrothersfoods.com\/wp-content\/uploads\/2018\/11\/NealBrothers_30Acts_Traffic_003.mp4\">https:\/\/www.nealbrothersfoods.com\/wp-content\/uploads\/2018\/11\/NealBrothers_30Acts_Traffic_003.mp4<\/a><\/video><\/div>\n<p>[\/vc_column_text][\/vc_column_inner][vc_column_inner width=\u00a0\u00bb1\/3&Prime;][vc_column_text]<\/p>\n<div style=\"width: 1080px;\" class=\"wp-video\"><video class=\"wp-video-shortcode\" id=\"video-10420-6\" width=\"1080\" height=\"1080\" preload=\"metadata\" controls=\"controls\"><source type=\"video\/mp4\" src=\"https:\/\/www.nealbrothersfoods.com\/wp-content\/uploads\/2018\/11\/NealBrothers_30Acts_TrinityBellwoods_002.mp4?_=6\" \/><a href=\"https:\/\/www.nealbrothersfoods.com\/wp-content\/uploads\/2018\/11\/NealBrothers_30Acts_TrinityBellwoods_002.mp4\">https:\/\/www.nealbrothersfoods.com\/wp-content\/uploads\/2018\/11\/NealBrothers_30Acts_TrinityBellwoods_002.mp4<\/a><\/video><\/div>\n<p>[\/vc_column_text][\/vc_column_inner][\/vc_row_inner][\/vc_column][\/vc_row][vc_row full_width=\u00a0\u00bbstretch_row_content\u00a0\u00bb css=\u00a0\u00bb.vc_custom_1528450417479{background-image: url(https:\/\/www.nealbrothersfoods.com\/wp-content\/uploads\/2018\/06\/aboutusLastSec.png?id=775) !important;background-position: center !important;background-repeat: no-repeat !important;background-size: cover !important;}\u00a0\u00bb][vc_column][vc_custom_heading text=\u00a0\u00bbUN MODE DE VIE SAIN POUR UNE COMMUNAUT\u00c9 EN SANT\u00c9!\u00a0\u00bb font_container=\u00a0\u00bbtag:h2|text_align:center|color:%23ffffff\u00a0\u00bb use_theme_fonts=\u00a0\u00bbyes\u00a0\u00bb el_class=\u00a0\u00bbfonth2&Prime;][vc_row_inner][vc_column_inner width=\u00a0\u00bb1\/6&Prime;][\/vc_column_inner][vc_column_inner width=\u00a0\u00bb2\/3&Prime;][vc_column_text]<\/p>\n<p style=\"text-align: center;\">Chez Neal Brothers nous croyons qu\u2019une communaut\u00e9 en sant\u00e9 fait partie d\u2019une mode de vie sain. Nous sommes fiers d\u2019appuyer les organismes de charit\u00e9 et les organisations suivants :<\/p>\n<p>[\/vc_column_text][\/vc_column_inner][vc_column_inner width=\u00a0\u00bb1\/6&Prime;][\/vc_column_inner][\/vc_row_inner][vc_row_inner el_class=\u00a0\u00bblist_li\u00a0\u00bb css=\u00a0\u00bb.vc_custom_1529042457284{margin-top: 0px !important;margin-right: 87px !important;margin-bottom: 0px !important;margin-left: 0px !important;}\u00a0\u00bb][vc_column_inner width=\u00a0\u00bb1\/6&Prime;][\/vc_column_inner][vc_column_inner width=\u00a0\u00bb1\/4&Prime; el_id=\u00a0\u00bbfirst_list\u00a0\u00bb][vc_column_text]<\/p>\n<ul style=\"color: #d3d3d3; list-style-type: square;\">\n<li>Alton Public School<\/li>\n<li>Angus Glen Golf Tournament<\/li>\n<li>Autists Gala \u2013 Geneva Centre for Autism<\/li>\n<li>Big Brothers \/ Big Sisters<\/li>\n<li>Bikes For Tykes \u2013 Supporting Kids with Cancer<\/li>\n<li>Bishops University Alumni Bursaries<\/li>\n<li>Bob Rumball Foundation for the Deaf Brewers Plate<\/li>\n<li>Caledon ski race program<\/li>\n<li>Community Food Centres Canada<\/li>\n<li>Country Day School<\/li>\n<\/ul>\n<p>[\/vc_column_text][\/vc_column_inner][vc_column_inner width=\u00a0\u00bb1\/4&Prime; el_id=\u00a0\u00bbfirst_list\u00a0\u00bb][vc_column_text]<\/p>\n<ul style=\"color: #d3d3d3; list-style-type: square;\">\n<li>Distress Centre BAD Ride<\/li>\n<li>Haddan Eby Foundation<\/li>\n<li>Jake Holden (Canadian national snowboard-cross racer)<\/li>\n<li>Jean Tweed Centre<\/li>\n<li>Juvenile Diabetes Research Foundation<\/li>\n<li>Jump For Ooch \u2013 Camp Oochigeas (for kids affected by cancer)<\/li>\n<li>Kinetico Caledon Kids of Steel Triathlon<\/li>\n<li>Lester B Pearson Public School<\/li>\n<li>Longos Charity Golf Tournament<\/li>\n<li>Northlea Family Fun Night<\/li>\n<li>Open Doors Toronto<\/li>\n<\/ul>\n<p>[\/vc_column_text][\/vc_column_inner][vc_column_inner width=\u00a0\u00bb1\/4&Prime; el_id=\u00a0\u00bbfirst_list\u00a0\u00bb][vc_column_text]<\/p>\n<ul style=\"color: #d3d3d3; list-style-type: square;\">\n<li>OPP Charity Golf Tournament \u2013 Southlake<\/li>\n<li>Hospital Pediatric Unit<\/li>\n<li>Pediatric Oncology Group of Ontario<\/li>\n<li>Polo for Heart<\/li>\n<li>Princess Margaret Hospital Foundation<\/li>\n<li>Queens York Rangers<\/li>\n<li>Southlake Hospital<\/li>\n<li>The STOP Community Food Center<\/li>\n<li>William Osler Health System Foundation<\/li>\n<li>Young People\u2019s Theatre<\/li>\n<li>York Central Hospital Foundation<\/li>\n<li>Festival de la sant\u00e9 des enfants<\/li>\n<\/ul>\n<p>[\/vc_column_text][\/vc_column_inner][\/vc_row_inner][vc_row_inner][vc_column_inner width=\u00a0\u00bb1\/6&Prime;][\/vc_column_inner][vc_column_inner width=\u00a0\u00bb2\/3&Prime;][vc_masonry_media_grid gap=\u00a0\u00bb20&Prime; grid_id=\u00a0\u00bbvc_gid:1654722849933-bd644abf-a676-7&Prime; include=\u00a0\u00bb1342,1343,1344&Prime;][\/vc_column_inner][vc_column_inner width=\u00a0\u00bb1\/6&Prime;][\/vc_column_inner][\/vc_row_inner][\/vc_column][\/vc_row]<\/p>\n","protected":false},"excerpt":{"rendered":"<p>[vc_section full_width=\u00a0\u00bbstretch_row\u00a0\u00bb el_id=\u00a0\u00bbaboutus_heading\u00a0\u00bb][vc_row][vc_column el_class=\u00a0\u00bbabout_title\u00a0\u00bb][vc_custom_heading text=\u00a0\u00bbNotre Histoire\u00a0\u00bb font_container=\u00a0\u00bbtag:h1|font_size:64px|text_align:left\u00a0\u00bb use_theme_fonts=\u00a0\u00bbyes\u00a0\u00bb][\/vc_column][\/vc_row][\/vc_section][vc_section full_width=\u00a0\u00bbstretch_row\u00a0\u00bb css=\u00a0\u00bb.vc_custom_1529490918879{padding-top: 0px !important;padding-right: 0px !important;padding-left: 0px !important;background-color: #f8f8f8 !important;}\u00a0\u00bb][vc_row full_width=\u00a0\u00bbstretch_row\u00a0\u00bb full_height=\u00a0\u00bbyes\u00a0\u00bb el_id=\u00a0\u00bbset-image\u00a0\u00bb][vc_column width=\u00a0\u00bb1\/2&Prime; css=\u00a0\u00bb.vc_custom_1535360385490{padding-right: 0px !important;padding-left: 0px !important;background-image: url(https:\/\/www.nealbrothersfoods.com\/wp-content\/uploads\/2018\/08\/BrothersMom.jpeg?id=9915) !important;background-position: center !important;background-repeat: no-repeat !important;background-size: cover !important;}\u00a0\u00bb el_class=\u00a0\u00bbbrothers-image\u00a0\u00bb][\/vc_column][vc_column width=\u00a0\u00bb1\/2&Prime; el_id=\u00a0\u00bbstory_text\u00a0\u00bb][vc_custom_heading text=\u00a0\u00bbNOTRE HISTOIRE\u00a0\u00bb font_container=\u00a0\u00bbtag:h2|font_size:38px|text_align:left|color:%23000000&Prime; use_theme_fonts=\u00a0\u00bbyes\u00a0\u00bb el_class=\u00a0\u00bbfonth2&Prime;][vc_column_text] Un cours acc\u00e9l\u00e9r\u00e9 de 60 secondes sur les fr\u00e8res Neal, Chris et [&hellip;]<\/p>\n","protected":false},"author":6,"featured_media":0,"parent":0,"menu_order":0,"comment_status":"closed","ping_status":"closed","template":"","meta":[],"yoast_head":"<!-- This site is optimized with the Yoast SEO plugin v19.1 - https:\/\/yoast.com\/wordpress\/plugins\/seo\/ -->\n<title>Notre Histoire - Neal Brothers Foods<\/title>\n<meta name=\"robots\" content=\"noindex, follow, max-snippet:-1, max-image-preview:large, max-video-preview:-1\" \/>\n<meta property=\"og:locale\" content=\"fr_FR\" \/>\n<meta property=\"og:type\" content=\"article\" \/>\n<meta property=\"og:title\" content=\"Notre Histoire - Neal Brothers Foods\" \/>\n<meta property=\"og:description\" content=\"[vc_section full_width=\u00a0\u00bbstretch_row\u00a0\u00bb el_id=\u00a0\u00bbaboutus_heading\u00a0\u00bb][vc_row][vc_column el_class=\u00a0\u00bbabout_title\u00a0\u00bb][vc_custom_heading text=\u00a0\u00bbNotre Histoire\u00a0\u00bb font_container=\u00a0\u00bbtag:h1|font_size:64px|text_align:left\u00a0\u00bb use_theme_fonts=\u00a0\u00bbyes\u00a0\u00bb][\/vc_column][\/vc_row][\/vc_section][vc_section full_width=\u00a0\u00bbstretch_row\u00a0\u00bb css=\u00a0\u00bb.vc_custom_1529490918879{padding-top: 0px !important;padding-right: 0px !important;padding-left: 0px !important;background-color: #f8f8f8 !important;}\u00a0\u00bb][vc_row full_width=\u00a0\u00bbstretch_row\u00a0\u00bb full_height=\u00a0\u00bbyes\u00a0\u00bb el_id=\u00a0\u00bbset-image\u00a0\u00bb][vc_column width=\u00a0\u00bb1\/2&Prime; css=\u00a0\u00bb.vc_custom_1535360385490{padding-right: 0px !important;padding-left: 0px !important;background-image: url(https:\/\/www.nealbrothersfoods.com\/wp-content\/uploads\/2018\/08\/BrothersMom.jpeg?id=9915) !important;background-position: center !important;background-repeat: no-repeat !important;background-size: cover !important;}\u00a0\u00bb el_class=\u00a0\u00bbbrothers-image\u00a0\u00bb][\/vc_column][vc_column width=\u00a0\u00bb1\/2&Prime; el_id=\u00a0\u00bbstory_text\u00a0\u00bb][vc_custom_heading text=\u00a0\u00bbNOTRE HISTOIRE\u00a0\u00bb font_container=\u00a0\u00bbtag:h2|font_size:38px|text_align:left|color:%23000000&Prime; use_theme_fonts=\u00a0\u00bbyes\u00a0\u00bb el_class=\u00a0\u00bbfonth2&Prime;][vc_column_text] Un cours acc\u00e9l\u00e9r\u00e9 de 60 secondes sur les fr\u00e8res Neal, Chris et [&hellip;]\" \/>\n<meta property=\"og:url\" content=\"https:\/\/www.nealbrothersfoods.com\/fr\/notre-histoire\/\" \/>\n<meta property=\"og:site_name\" content=\"Neal Brothers Foods\" \/>\n<meta property=\"article:publisher\" content=\"https:\/\/www.facebook.com\/NealBrothersFoods\" \/>\n<meta property=\"article:modified_time\" content=\"2022-06-08T21:16:04+00:00\" \/>\n<meta name=\"twitter:card\" content=\"summary_large_image\" \/>\n<meta name=\"twitter:site\" content=\"@nealbrothers\" \/>\n<meta name=\"twitter:label1\" content=\"Dur\u00e9e de lecture estim\u00e9e\" \/>\n\t<meta name=\"twitter:data1\" content=\"3 minutes\" \/>\n<script type=\"application\/ld+json\" class=\"yoast-schema-graph\">{\"@context\":\"https:\/\/schema.org\",\"@graph\":[{\"@type\":\"Organization\",\"@id\":\"https:\/\/www.nealbrothersfoods.com\/#organization\",\"name\":\"Neal Brothers Foods\",\"url\":\"https:\/\/www.nealbrothersfoods.com\/\",\"sameAs\":[\"https:\/\/www.instagram.com\/nealbrothers\/\",\"https:\/\/www.facebook.com\/NealBrothersFoods\",\"https:\/\/twitter.com\/nealbrothers\"],\"logo\":{\"@type\":\"ImageObject\",\"inLanguage\":\"fr-FR\",\"@id\":\"https:\/\/www.nealbrothersfoods.com\/#\/schema\/logo\/image\/\",\"url\":\"https:\/\/www.nealbrothersfoods.com\/wp-content\/uploads\/2018\/09\/Monogram_Distressed-copy.png\",\"contentUrl\":\"https:\/\/www.nealbrothersfoods.com\/wp-content\/uploads\/2018\/09\/Monogram_Distressed-copy.png\",\"width\":249,\"height\":248,\"caption\":\"Neal Brothers Foods\"},\"image\":{\"@id\":\"https:\/\/www.nealbrothersfoods.com\/#\/schema\/logo\/image\/\"}},{\"@type\":\"WebSite\",\"@id\":\"https:\/\/www.nealbrothersfoods.com\/#website\",\"url\":\"https:\/\/www.nealbrothersfoods.com\/\",\"name\":\"Neal Brothers Foods\",\"description\":\"From Our Family to Yours\",\"publisher\":{\"@id\":\"https:\/\/www.nealbrothersfoods.com\/#organization\"},\"potentialAction\":[{\"@type\":\"SearchAction\",\"target\":{\"@type\":\"EntryPoint\",\"urlTemplate\":\"https:\/\/www.nealbrothersfoods.com\/?s={search_term_string}\"},\"query-input\":\"required name=search_term_string\"}],\"inLanguage\":\"fr-FR\"},{\"@type\":\"WebPage\",\"@id\":\"https:\/\/www.nealbrothersfoods.com\/fr\/notre-histoire\/#webpage\",\"url\":\"https:\/\/www.nealbrothersfoods.com\/fr\/notre-histoire\/\",\"name\":\"Notre Histoire - Neal Brothers Foods\",\"isPartOf\":{\"@id\":\"https:\/\/www.nealbrothersfoods.com\/#website\"},\"datePublished\":\"2018-06-05T14:06:12+00:00\",\"dateModified\":\"2022-06-08T21:16:04+00:00\",\"breadcrumb\":{\"@id\":\"https:\/\/www.nealbrothersfoods.com\/fr\/notre-histoire\/#breadcrumb\"},\"inLanguage\":\"fr-FR\",\"potentialAction\":[{\"@type\":\"ReadAction\",\"target\":[\"https:\/\/www.nealbrothersfoods.com\/fr\/notre-histoire\/\"]}]},{\"@type\":\"BreadcrumbList\",\"@id\":\"https:\/\/www.nealbrothersfoods.com\/fr\/notre-histoire\/#breadcrumb\",\"itemListElement\":[{\"@type\":\"ListItem\",\"position\":1,\"name\":\"Home\",\"item\":\"https:\/\/www.nealbrothersfoods.com\/fr\/\"},{\"@type\":\"ListItem\",\"position\":2,\"name\":\"Notre Histoire\"}]}]}<\/script>\n<!-- \/ Yoast SEO plugin. -->","yoast_head_json":{"title":"Notre Histoire - Neal Brothers Foods","robots":{"index":"noindex","follow":"follow","max-snippet":"max-snippet:-1","max-image-preview":"max-image-preview:large","max-video-preview":"max-video-preview:-1"},"og_locale":"fr_FR","og_type":"article","og_title":"Notre Histoire - Neal Brothers Foods","og_description":"[vc_section full_width=\u00a0\u00bbstretch_row\u00a0\u00bb el_id=\u00a0\u00bbaboutus_heading\u00a0\u00bb][vc_row][vc_column el_class=\u00a0\u00bbabout_title\u00a0\u00bb][vc_custom_heading text=\u00a0\u00bbNotre Histoire\u00a0\u00bb font_container=\u00a0\u00bbtag:h1|font_size:64px|text_align:left\u00a0\u00bb use_theme_fonts=\u00a0\u00bbyes\u00a0\u00bb][\/vc_column][\/vc_row][\/vc_section][vc_section full_width=\u00a0\u00bbstretch_row\u00a0\u00bb css=\u00a0\u00bb.vc_custom_1529490918879{padding-top: 0px !important;padding-right: 0px !important;padding-left: 0px !important;background-color: #f8f8f8 !important;}\u00a0\u00bb][vc_row full_width=\u00a0\u00bbstretch_row\u00a0\u00bb full_height=\u00a0\u00bbyes\u00a0\u00bb el_id=\u00a0\u00bbset-image\u00a0\u00bb][vc_column width=\u00a0\u00bb1\/2&Prime; css=\u00a0\u00bb.vc_custom_1535360385490{padding-right: 0px !important;padding-left: 0px !important;background-image: url(https:\/\/www.nealbrothersfoods.com\/wp-content\/uploads\/2018\/08\/BrothersMom.jpeg?id=9915) !important;background-position: center !important;background-repeat: no-repeat !important;background-size: cover !important;}\u00a0\u00bb el_class=\u00a0\u00bbbrothers-image\u00a0\u00bb][\/vc_column][vc_column width=\u00a0\u00bb1\/2&Prime; el_id=\u00a0\u00bbstory_text\u00a0\u00bb][vc_custom_heading text=\u00a0\u00bbNOTRE HISTOIRE\u00a0\u00bb font_container=\u00a0\u00bbtag:h2|font_size:38px|text_align:left|color:%23000000&Prime; use_theme_fonts=\u00a0\u00bbyes\u00a0\u00bb el_class=\u00a0\u00bbfonth2&Prime;][vc_column_text] Un cours acc\u00e9l\u00e9r\u00e9 de 60 secondes sur les fr\u00e8res Neal, Chris et [&hellip;]","og_url":"https:\/\/www.nealbrothersfoods.com\/fr\/notre-histoire\/","og_site_name":"Neal Brothers Foods","article_publisher":"https:\/\/www.facebook.com\/NealBrothersFoods","article_modified_time":"2022-06-08T21:16:04+00:00","twitter_card":"summary_large_image","twitter_site":"@nealbrothers","twitter_misc":{"Dur\u00e9e de lecture estim\u00e9e":"3 minutes"},"schema":{"@context":"https:\/\/schema.org","@graph":[{"@type":"Organization","@id":"https:\/\/www.nealbrothersfoods.com\/#organization","name":"Neal Brothers Foods","url":"https:\/\/www.nealbrothersfoods.com\/","sameAs":["https:\/\/www.instagram.com\/nealbrothers\/","https:\/\/www.facebook.com\/NealBrothersFoods","https:\/\/twitter.com\/nealbrothers"],"logo":{"@type":"ImageObject","inLanguage":"fr-FR","@id":"https:\/\/www.nealbrothersfoods.com\/#\/schema\/logo\/image\/","url":"https:\/\/www.nealbrothersfoods.com\/wp-content\/uploads\/2018\/09\/Monogram_Distressed-copy.png","contentUrl":"https:\/\/www.nealbrothersfoods.com\/wp-content\/uploads\/2018\/09\/Monogram_Distressed-copy.png","width":249,"height":248,"caption":"Neal Brothers Foods"},"image":{"@id":"https:\/\/www.nealbrothersfoods.com\/#\/schema\/logo\/image\/"}},{"@type":"WebSite","@id":"https:\/\/www.nealbrothersfoods.com\/#website","url":"https:\/\/www.nealbrothersfoods.com\/","name":"Neal Brothers Foods","description":"From Our Family to Yours","publisher":{"@id":"https:\/\/www.nealbrothersfoods.com\/#organization"},"potentialAction":[{"@type":"SearchAction","target":{"@type":"EntryPoint","urlTemplate":"https:\/\/www.nealbrothersfoods.com\/?s={search_term_string}"},"query-input":"required name=search_term_string"}],"inLanguage":"fr-FR"},{"@type":"WebPage","@id":"https:\/\/www.nealbrothersfoods.com\/fr\/notre-histoire\/#webpage","url":"https:\/\/www.nealbrothersfoods.com\/fr\/notre-histoire\/","name":"Notre Histoire - Neal Brothers Foods","isPartOf":{"@id":"https:\/\/www.nealbrothersfoods.com\/#website"},"datePublished":"2018-06-05T14:06:12+00:00","dateModified":"2022-06-08T21:16:04+00:00","breadcrumb":{"@id":"https:\/\/www.nealbrothersfoods.com\/fr\/notre-histoire\/#breadcrumb"},"inLanguage":"fr-FR","potentialAction":[{"@type":"ReadAction","target":["https:\/\/www.nealbrothersfoods.com\/fr\/notre-histoire\/"]}]},{"@type":"BreadcrumbList","@id":"https:\/\/www.nealbrothersfoods.com\/fr\/notre-histoire\/#breadcrumb","itemListElement":[{"@type":"ListItem","position":1,"name":"Home","item":"https:\/\/www.nealbrothersfoods.com\/fr\/"},{"@type":"ListItem","position":2,"name":"Notre Histoire"}]}]}},"_links":{"self":[{"href":"https:\/\/www.nealbrothersfoods.com\/fr\/wp-json\/wp\/v2\/pages\/10420"}],"collection":[{"href":"https:\/\/www.nealbrothersfoods.com\/fr\/wp-json\/wp\/v2\/pages"}],"about":[{"href":"https:\/\/www.nealbrothersfoods.com\/fr\/wp-json\/wp\/v2\/types\/page"}],"author":[{"embeddable":true,"href":"https:\/\/www.nealbrothersfoods.com\/fr\/wp-json\/wp\/v2\/users\/6"}],"replies":[{"embeddable":true,"href":"https:\/\/www.nealbrothersfoods.com\/fr\/wp-json\/wp\/v2\/comments?post=10420"}],"version-history":[{"count":9,"href":"https:\/\/www.nealbrothersfoods.com\/fr\/wp-json\/wp\/v2\/pages\/10420\/revisions"}],"predecessor-version":[{"id":11570,"href":"https:\/\/www.nealbrothersfoods.com\/fr\/wp-json\/wp\/v2\/pages\/10420\/revisions\/11570"}],"wp:attachment":[{"href":"https:\/\/www.nealbrothersfoods.com\/fr\/wp-json\/wp\/v2\/media?parent=10420"}],"curies":[{"name":"wp","href":"https:\/\/api.w.org\/{rel}","templated":true}]}}